{"id":10,"date":"2023-11-12T10:26:13","date_gmt":"2023-11-12T09:26:13","guid":{"rendered":"https:\/\/mentaloptimum.fr\/?page_id=10"},"modified":"2024-09-13T18:00:20","modified_gmt":"2024-09-13T16:00:20","slug":"a-propos","status":"publish","type":"page","link":"https:\/\/mentaloptimum.fr\/?page_id=10","title":{"rendered":"A Propos"},"content":{"rendered":"\n<div class=\"wp-block-media-text is-stacked-on-mobile\"><figure class=\"wp-block-media-text__media\"><img loading=\"lazy\" decoding=\"async\" width=\"788\" height=\"1024\" src=\"https:\/\/mentaloptimum.fr\/wp-content\/uploads\/2023\/11\/20220809_131716-1-1-788x1024.jpg\" alt=\"\" class=\"wp-image-298 size-full\" srcset=\"https:\/\/mentaloptimum.fr\/wp-content\/uploads\/2023\/11\/20220809_131716-1-1-788x1024.jpg 788w, https:\/\/mentaloptimum.fr\/wp-content\/uploads\/2023\/11\/20220809_131716-1-1-231x300.jpg 231w, https:\/\/mentaloptimum.fr\/wp-content\/uploads\/2023\/11\/20220809_131716-1-1-768x998.jpg 768w, https:\/\/mentaloptimum.fr\/wp-content\/uploads\/2023\/11\/20220809_131716-1-1-1182x1536.jpg 1182w, https:\/\/mentaloptimum.fr\/wp-content\/uploads\/2023\/11\/20220809_131716-1-1.jpg 1387w\" sizes=\"(max-width: 788px) 100vw, 788px\" \/><\/figure><div class=\"wp-block-media-text__content\">\n<h2 class=\"wp-block-heading has-text-align-center has-ast-global-color-3-color has-text-color has-link-color has-large-font-size wp-elements-92008e50999221d00f510ed48370950f\">Williams Fitte-Duval<\/h2>\n\n\n\n<h2 class=\"wp-block-heading has-text-align-center has-ast-global-color-3-color has-text-color has-link-color has-large-font-size wp-elements-f5b2426f2635ec3176d497d063e75a11\">Coach Mental<\/h2>\n\n\n\n<p class=\"has-medium-font-size\"><em>\u00ab\u00a0Une exp\u00e9rience dans le monde du sport, de l&rsquo;entreprise et de la formation, qui me permet aujourd&rsquo;hui de jongler ais\u00e9ment entre ces univers\u00a0\u00bb<\/em><\/p>\n\n\n\n<h2 class=\"wp-block-heading has-text-align-center has-ast-global-color-5-color has-ast-global-color-6-background-color has-text-color has-background has-link-color has-medium-font-size wp-elements-e508059759b94df9d39e2f2b4818b019\">Mon parcours<\/h2>\n\n\n\n<p>Passionn\u00e9 par le d\u00e9veloppement du potentiel, j&rsquo;accompagne les personnes depuis 25 ans. <\/p>\n\n\n\n<p>J&rsquo;ai longtemps oeuvr\u00e9 dans le coaching sportif, aupr\u00e8s de tous types de publics (du jeune d\u00e9butant jusqu&rsquo;au sportif semi-professionnel), avant d&rsquo;entamer une transition dans la pr\u00e9paration mentale des athl\u00e8tes, le coaching professionnel et la formation.<\/p>\n\n\n\n<p><strong>Je me consacre aujourd&rsquo;hui exclusivement \u00e0 la performance mentale<\/strong> dans diff\u00e9rents contextes, et \u00e0 la mod\u00e9lisation de la comp\u00e9tence.<\/p>\n\n\n\n<h2 class=\"wp-block-heading has-text-align-center has-ast-global-color-5-color has-ast-global-color-6-background-color has-text-color has-background has-link-color has-medium-font-size wp-elements-a30c6eff4ebf3aaac56cccc32d2148c0\">Ma formation<\/h2>\n\n\n\n<p>Ancien sportif de niveau national jusqu&rsquo;en Espoirs<\/p>\n\n\n\n<p>Dipl\u00f4m\u00e9 Universitaire en Sciences et Techniques des Activit\u00e9s Physiques et Sportives (DEUST M\u00e9tiers de la Forme, UFR STAPS Lyon I)<\/p>\n\n\n\n<p>Titre de Coach Mental et Professionnel Certifi\u00e9 (Institut Rep\u00e8re, Paris)<\/p>\n\n\n\n<p>Titulaire d&rsquo;un Master en Management des Ressources Humaines (ESTC, Marseille)<\/p>\n\n\n\n<p>Formation continue (psychologie du sport, coh\u00e9rence cardiaque, pleine conscience, Language and Behavior Profile&#8230;)<\/p>\n\n\n\n<h2 class=\"wp-block-heading has-text-align-center has-ast-global-color-5-color has-ast-global-color-6-background-color has-text-color has-background has-link-color has-medium-font-size wp-elements-05ad89546abf00719c32051e7d7f8f60\">Ma pratique aujourd&rsquo;hui<\/h2>\n\n\n\n<p><a href=\"https:\/\/mentaloptimum.fr\/?p=540\" title=\"\">Collaboration<\/a> avec Julien Fichot-Lefort dans le cadre de la pr\u00e9paration mentale<\/p>\n\n\n\n<p>Pratique supervis\u00e9e<\/p>\n\n\n\n<p>Membre certifi\u00e9 de la Soci\u00e9t\u00e9 Internationale des Coachs en PNL<\/p>\n\n\n\n<p>Membre de la Soci\u00e9t\u00e9 Fran\u00e7aise de Psychologie du Sport<\/p>\n<\/div><\/div>\n\n\n\n<div class=\"wp-block-buttons is-content-justification-center is-layout-flex wp-container-core-buttons-is-layout-1 wp-block-buttons-is-layout-flex\" style=\"margin-top:var(--wp--preset--spacing--60);margin-bottom:var(--wp--preset--spacing--60)\">\n<div class=\"wp-block-button has-custom-font-size has-medium-font-size\"><a class=\"wp-block-button__link has-luminous-vivid-amber-background-color has-background wp-element-button\" href=\"https:\/\/mentaloptimum.fr\/?page_id=15\" style=\"padding-top:var(--wp--preset--spacing--40);padding-right:var(--wp--preset--spacing--80);padding-bottom:var(--wp--preset--spacing--40);padding-left:var(--wp--preset--spacing--80)\">Me contacter et se renseigner<\/a><\/div>\n<\/div>\n","protected":false},"excerpt":{"rendered":"<p>Williams Fitte-Duval Coach Mental \u00ab\u00a0Une exp\u00e9rience dans le monde du sport, de l&rsquo;entreprise et de la formation, qui me permet aujourd&rsquo;hui de jongler ais\u00e9ment entre ces univers\u00a0\u00bb Mon parcours Passionn\u00e9 par le d\u00e9veloppement du potentiel, j&rsquo;accompagne les personnes depuis 25 ans. J&rsquo;ai longtemps oeuvr\u00e9 dans le coaching sportif, aupr\u00e8s de tous types de publics (du [&hellip;]<\/p>\n","protected":false},"author":1,"featured_media":0,"parent":0,"menu_order":3,"comment_status":"closed","ping_status":"closed","template":"","meta":{"om_disable_all_campaigns":false,"_monsterinsights_skip_tracking":false,"_monsterinsights_sitenote_active":false,"_monsterinsights_sitenote_note":"","_monsterinsights_sitenote_category":0,"site-sidebar-layout":"default","site-content-layout":"","ast-site-content-layout":"","site-content-style":"default","site-sidebar-style":"default","ast-global-header-display":"","ast-banner-title-visibility":"","ast-main-header-display":"","ast-hfb-above-header-display":"","ast-hfb-below-header-display":"","ast-hfb-mobile-header-display":"","site-post-title":"disabled","ast-breadcrumbs-content":"","ast-featured-img":"","footer-sml-layout":"","theme-transparent-header-meta":"","adv-header-id-meta":"","stick-header-meta":"","header-above-stick-meta":"","header-main-stick-meta":"","header-below-stick-meta":"","astra-migrate-meta-layouts":"","ast-page-background-enabled":"default","ast-page-background-meta":{"desktop":{"background-color":"var(--ast-global-color-4)","background-image":"","background-repeat":"repeat","background-position":"center center","background-size":"auto","background-attachment":"scroll","background-type":"","background-media":"","overlay-type":"","overlay-color":"","overlay-gradient":""},"tablet":{"background-color":"","background-image":"","background-repeat":"repeat","background-position":"center center","background-size":"auto","background-attachment":"scroll","background-type":"","background-media":"","overlay-type":"","overlay-color":"","overlay-gradient":""},"mobile":{"background-color":"","background-image":"","background-repeat":"repeat","background-position":"center center","background-size":"auto","background-attachment":"scroll","background-type":"","background-media":"","overlay-type":"","overlay-color":"","overlay-gradient":""}},"ast-content-background-meta":{"desktop":{"background-color":"var(--ast-global-color-5)","background-image":"","background-repeat":"repeat","background-position":"center center","background-size":"auto","background-attachment":"scroll","background-type":"","background-media":"","overlay-type":"","overlay-color":"","overlay-gradient":""},"tablet":{"background-color":"var(--ast-global-color-5)","background-image":"","background-repeat":"repeat","background-position":"center center","background-size":"auto","background-attachment":"scroll","background-type":"","background-media":"","overlay-type":"","overlay-color":"","overlay-gradient":""},"mobile":{"background-color":"var(--ast-global-color-5)","background-image":"","background-repeat":"repeat","background-position":"center center","background-size":"auto","background-attachment":"scroll","background-type":"","background-media":"","overlay-type":"","overlay-color":"","overlay-gradient":""}},"footnotes":""},"aioseo_notices":[],"_links":{"self":[{"href":"https:\/\/mentaloptimum.fr\/index.php?rest_route=\/wp\/v2\/pages\/10"}],"collection":[{"href":"https:\/\/mentaloptimum.fr\/index.php?rest_route=\/wp\/v2\/pages"}],"about":[{"href":"https:\/\/mentaloptimum.fr\/index.php?rest_route=\/wp\/v2\/types\/page"}],"author":[{"embeddable":true,"href":"https:\/\/mentaloptimum.fr\/index.php?rest_route=\/wp\/v2\/users\/1"}],"replies":[{"embeddable":true,"href":"https:\/\/mentaloptimum.fr\/index.php?rest_route=%2Fwp%2Fv2%2Fcomments&post=10"}],"version-history":[{"count":43,"href":"https:\/\/mentaloptimum.fr\/index.php?rest_route=\/wp\/v2\/pages\/10\/revisions"}],"predecessor-version":[{"id":646,"href":"https:\/\/mentaloptimum.fr\/index.php?rest_route=\/wp\/v2\/pages\/10\/revisions\/646"}],"wp:attachment":[{"href":"https:\/\/mentaloptimum.fr\/index.php?rest_route=%2Fwp%2Fv2%2Fmedia&parent=10"}],"curies":[{"name":"wp","href":"https:\/\/api.w.org\/{rel}","templated":true}]}}